{"id":99,"date":"2013-12-10T00:40:33","date_gmt":"2013-12-09T23:40:33","guid":{"rendered":"http:\/\/guidasiracusa.it\/de\/?page_id=99"},"modified":"2014-01-27T18:08:54","modified_gmt":"2014-01-27T17:08:54","slug":"fuehrungen","status":"publish","type":"page","link":"https:\/\/guidasiracusa.it\/de\/fuehrungen\/","title":{"rendered":"F\u00fchrungen"},"content":{"rendered":"<div class=\"alert alert-warning\"><br \/>\n\u25ba Um eine Aufnahme zu vergr\u00f6\u00dfern, klicken Sie auf ihre Beschriftung <\/div>\n<div class=\"row\"><br \/>\n<div class=\" col-lg-6\"><div class=\"panel panel-primary\"><div class=\"panel-heading\"><h3 class=\"panel-title\">KLASSISCHE GEF\u00dcHRTE BESICHTIGUNG<\/h3><\/div><div class=\"panel-body\"><\/p>\n<ul>\n<li>Arch\u00e4ologischer Park Neapolis (griechisches Theater, Ohr des Dionysios, Seilergrotte, Latomia des Paradieses, Opferaltar Hierons II. und r\u00f6misches Amphitheater)<\/li>\n<li>Altstadt Ortygia (Apollotempel, Dom und Athenatempel, Arethusaquelle)<\/li>\n<\/ul>\n<p><div class=\"alert alert-info margin-none\">Sie dauert von 3 bis 4 Stunden.<\/div><\/div><\/div><\/p>\n<p><div class=\"panel panel-default\"><div class=\"panel-heading\"><h3 class=\"panel-title\">Arch\u00e4ologischer Park Neapolis<\/h3><\/div><div class=\"panel-body\"><div id=\"myCarousel1809919649\" class=\"carousel slide\" data-ride=\"carousel\"><!-- Indicators --><ol class=\"carousel-indicators\"><li data-target=\"#myCarousel1809919649\" data-slide-to=\"0\" class=\"active\"><\/li><li data-target=\"#myCarousel1809919649\" data-slide-to=\"1\"><\/li><li data-target=\"#myCarousel1809919649\" data-slide-to=\"2\"><\/li><li data-target=\"#myCarousel1809919649\" data-slide-to=\"3\"><\/li><\/ol>\n    <!-- Wrapper for slides -->\n  <div class=\"carousel-inner\"><div class=\"item active\"><img decoding=\"async\" src=\"https:\/\/guidasiracusa.it\/de\/wp-content\/uploads\/sites\/2\/2013\/12\/DSCN3621-1024x768.jpeg\" alt=\"Latomia des Paradieses\"><div class=\"carousel-caption\"><a href=\"https:\/\/guidasiracusa.it\/de\/slide\/latomia-des-paradieses\/\"><h5>Latomia des Paradieses<\/h5><\/a><\/div><\/div><div class=\"item\"><img decoding=\"async\" src=\"https:\/\/guidasiracusa.it\/de\/wp-content\/uploads\/sites\/2\/2013\/12\/DSCN3625-1024x768.jpeg\" alt=\"Ohr des Dionysios\"><div class=\"carousel-caption\"><a href=\"https:\/\/guidasiracusa.it\/de\/slide\/ohr-des-dionysios\/\"><h5>Ohr des Dionysios<\/h5><\/a><\/div><\/div><div class=\"item\"><img decoding=\"async\" src=\"https:\/\/guidasiracusa.it\/de\/wp-content\/uploads\/sites\/2\/2013\/12\/DSCN3624-1024x768.jpg\" alt=\"Griechisches Theater\"><div class=\"carousel-caption\"><a href=\"https:\/\/guidasiracusa.it\/de\/slide\/griechisches-theater\/\"><h5>Griechisches Theater<\/h5><\/a><\/div><\/div><div class=\"item\"><img decoding=\"async\" src=\"https:\/\/guidasiracusa.it\/de\/wp-content\/uploads\/sites\/2\/2013\/12\/DSCN3620-1024x768.jpeg\" alt=\"R\u00f6misches Amphitheater\"><div class=\"carousel-caption\"><a href=\"https:\/\/guidasiracusa.it\/de\/slide\/roemisches-amphitheater\/\"><h5>R\u00f6misches Amphitheater<\/h5><\/a><\/div><\/div><\/div>\n\n  <!-- Controls -->\n  <a class=\"left carousel-control\" href=\"#myCarousel1809919649\" data-slide=\"prev\">\n    <span class=\"glyphicon glyphicon-chevron-left\"><\/span>\n  <\/a>\n  <a class=\"right carousel-control\" href=\"#myCarousel1809919649\" data-slide=\"next\">\n    <span class=\"glyphicon glyphicon-chevron-right\"><\/span>\n  <\/a>\n<\/div><\/div><\/div><\/p>\n<p><div class=\"panel panel-default\"><div class=\"panel-heading\"><h3 class=\"panel-title\">Spaziergang durch Ortygia<\/h3><\/div><div class=\"panel-body\"><div id=\"myCarousel1251248561\" class=\"carousel slide\" data-ride=\"carousel\"><!-- Indicators --><ol class=\"carousel-indicators\"><li data-target=\"#myCarousel1251248561\" data-slide-to=\"0\" class=\"active\"><\/li><li data-target=\"#myCarousel1251248561\" data-slide-to=\"1\"><\/li><li data-target=\"#myCarousel1251248561\" data-slide-to=\"2\"><\/li><li data-target=\"#myCarousel1251248561\" data-slide-to=\"3\"><\/li><li data-target=\"#myCarousel1251248561\" data-slide-to=\"4\"><\/li><li data-target=\"#myCarousel1251248561\" data-slide-to=\"5\"><\/li><li data-target=\"#myCarousel1251248561\" data-slide-to=\"6\"><\/li><li data-target=\"#myCarousel1251248561\" data-slide-to=\"7\"><\/li><li data-target=\"#myCarousel1251248561\" data-slide-to=\"8\"><\/li><li data-target=\"#myCarousel1251248561\" data-slide-to=\"9\"><\/li><li data-target=\"#myCarousel1251248561\" data-slide-to=\"10\"><\/li><\/ol>\n    <!-- Wrapper for slides -->\n  <div class=\"carousel-inner\"><div class=\"item active\"><img decoding=\"async\" src=\"https:\/\/guidasiracusa.it\/de\/wp-content\/uploads\/sites\/2\/2013\/12\/DSCN3649-768x1024.jpeg\" alt=\"Blick auf das Jonische Meer\"><div class=\"carousel-caption\"><a href=\"https:\/\/guidasiracusa.it\/de\/slide\/blick-auf-das-jonische-meer\/\"><h5>Blick auf das Jonische Meer<\/h5><\/a><\/div><\/div><div class=\"item\"><img decoding=\"async\" src=\"https:\/\/guidasiracusa.it\/de\/wp-content\/uploads\/sites\/2\/2013\/12\/DSCN3650-768x1024.jpeg\" alt=\"Kirche des Hl. Johannes des T\u00e4ufers\"><div class=\"carousel-caption\"><a href=\"https:\/\/guidasiracusa.it\/de\/slide\/kirche-des-hl-johannes-des-taeufers\/\"><h5>Kirche des Hl. Johannes des T\u00e4ufers<\/h5><\/a><\/div><\/div><div class=\"item\"><img decoding=\"async\" src=\"https:\/\/guidasiracusa.it\/de\/wp-content\/uploads\/sites\/2\/2013\/12\/DSCN3654-768x1024.jpeg\" alt=\"Adelspal\u00e4ste von Via Maestranza\"><div class=\"carousel-caption\"><a href=\"https:\/\/guidasiracusa.it\/de\/slide\/adelspalaeste-von-via-maestranza\/\"><h5>Adelspal\u00e4ste von Via Maestranza<\/h5><\/a><\/div><\/div><div class=\"item\"><img decoding=\"async\" src=\"https:\/\/guidasiracusa.it\/de\/wp-content\/uploads\/sites\/2\/2013\/12\/DSCN3643-768x1024.jpeg\" alt=\"Via Maestranza\"><div class=\"carousel-caption\"><a href=\"https:\/\/guidasiracusa.it\/de\/slide\/via-maestranza\/\"><h5>Via Maestranza<\/h5><\/a><\/div><\/div><div class=\"item\"><img decoding=\"async\" src=\"https:\/\/guidasiracusa.it\/de\/wp-content\/uploads\/sites\/2\/2013\/12\/DSCN3656-768x1024.jpeg\" alt=\"Adelspalazzo von Via Vittorio Veneto\"><div class=\"carousel-caption\"><a href=\"https:\/\/guidasiracusa.it\/de\/slide\/adelspalazzo-von-via-vittorio-veneto\/\"><h5>Adelspalazzo von Via Vittorio Veneto<\/h5><\/a><\/div><\/div><div class=\"item\"><img decoding=\"async\" src=\"https:\/\/guidasiracusa.it\/de\/wp-content\/uploads\/sites\/2\/2013\/12\/DSCN3645-768x1024.jpeg\" alt=\"Kirche der Hl. Lucia an der Abtei\"><div class=\"carousel-caption\"><a href=\"https:\/\/guidasiracusa.it\/de\/slide\/kirche-der-hl-lucia-der-abtei\/\"><h5>Kirche der Hl. Lucia an der Abtei<\/h5><\/a><\/div><\/div><div class=\"item\"><img decoding=\"async\" src=\"https:\/\/guidasiracusa.it\/de\/wp-content\/uploads\/sites\/2\/2013\/12\/DSCN3644-768x1024.jpeg\" alt=\"Via del Consiglio reginale\"><div class=\"carousel-caption\"><a href=\"https:\/\/guidasiracusa.it\/de\/slide\/via-del-consiglio-reginale\/\"><h5>Via del Consiglio reginale<\/h5><\/a><\/div><\/div><div class=\"item\"><img decoding=\"async\" src=\"https:\/\/guidasiracusa.it\/de\/wp-content\/uploads\/sites\/2\/2013\/12\/DSCN3642-768x1024.jpeg\" alt=\"Archimedesplatz und Artemisbrunnen\"><div class=\"carousel-caption\"><a href=\"https:\/\/guidasiracusa.it\/de\/slide\/archimedesplatz-und-artemisbrunnen\/\"><h5>Archimedesplatz und Artemisbrunnen<\/h5><\/a><\/div><\/div><div class=\"item\"><img decoding=\"async\" src=\"https:\/\/guidasiracusa.it\/de\/wp-content\/uploads\/sites\/2\/2013\/12\/DSCN3641-768x1024.jpeg\" alt=\"Handwerker-Stadtteil\"><div class=\"carousel-caption\"><a href=\"https:\/\/guidasiracusa.it\/de\/slide\/handwerker-stadtteil\/\"><h5>Handwerker-Stadtteil<\/h5><\/a><\/div><\/div><div class=\"item\"><img decoding=\"async\" src=\"https:\/\/guidasiracusa.it\/de\/wp-content\/uploads\/sites\/2\/2013\/12\/DSCN3639-768x1024.jpeg\" alt=\"Griechische Stadtmauern\"><div class=\"carousel-caption\"><a href=\"https:\/\/guidasiracusa.it\/de\/slide\/griechische-stadtmauern\/\"><h5>Griechische Stadtmauern<\/h5><\/a><\/div><\/div><div class=\"item\"><img decoding=\"async\" src=\"https:\/\/guidasiracusa.it\/de\/wp-content\/uploads\/sites\/2\/2013\/12\/mercato-di-ortigia-768x1024.jpeg\" alt=\"Fischmarkt\"><div class=\"carousel-caption\"><a href=\"https:\/\/guidasiracusa.it\/de\/slide\/fischmarkt\/\"><h5>Fischmarkt<\/h5><\/a><\/div><\/div><\/div>\n\n  <!-- Controls -->\n  <a class=\"left carousel-control\" href=\"#myCarousel1251248561\" data-slide=\"prev\">\n    <span class=\"glyphicon glyphicon-chevron-left\"><\/span>\n  <\/a>\n  <a class=\"right carousel-control\" href=\"#myCarousel1251248561\" data-slide=\"next\">\n    <span class=\"glyphicon glyphicon-chevron-right\"><\/span>\n  <\/a>\n<\/div><\/div><\/div><\/p>\n<p><div class=\"panel panel-default\"><div class=\"panel-heading\"><h3 class=\"panel-title\">In der N\u00e4he des Parks Neapolis<\/h3><\/div><div class=\"panel-body\"><div id=\"myCarousel29610825\" class=\"carousel slide\" data-ride=\"carousel\"><!-- Indicators --><ol class=\"carousel-indicators\"><li data-target=\"#myCarousel29610825\" data-slide-to=\"0\" class=\"active\"><\/li><li data-target=\"#myCarousel29610825\" data-slide-to=\"1\"><\/li><li data-target=\"#myCarousel29610825\" data-slide-to=\"2\"><\/li><li data-target=\"#myCarousel29610825\" data-slide-to=\"3\"><\/li><\/ol>\n    <!-- Wrapper for slides -->\n  <div class=\"carousel-inner\"><div class=\"item active\"><img decoding=\"async\" src=\"https:\/\/guidasiracusa.it\/de\/wp-content\/uploads\/sites\/2\/2013\/12\/DSCN3611-1024x768.jpeg\" alt=\"Sogenanntes Grab des Archimedes\"><div class=\"carousel-caption\"><a href=\"https:\/\/guidasiracusa.it\/de\/slide\/sogenanntes-grab-des-archimedes\/\"><h5>Sogenanntes Grab des Archimedes<\/h5><\/a><\/div><\/div><div class=\"item\"><img decoding=\"async\" src=\"https:\/\/guidasiracusa.it\/de\/wp-content\/uploads\/sites\/2\/2013\/12\/DSCN3635-1024x768.jpeg\" alt=\"Arch\u00e4ologisches Museum Paolo Orsi\"><div class=\"carousel-caption\"><a href=\"https:\/\/guidasiracusa.it\/de\/slide\/archaeologisches-museum-paolo-orsi\/\"><h5>Arch\u00e4ologisches Museum Paolo Orsi<\/h5><\/a><\/div><\/div><div class=\"item\"><img decoding=\"async\" src=\"https:\/\/guidasiracusa.it\/de\/wp-content\/uploads\/sites\/2\/2013\/12\/01-madonnadellelacrime.jpg\" alt=\"Wallfahrtskirche der Madonna der Tr\u00e4nen\"><div class=\"carousel-caption\"><a href=\"https:\/\/guidasiracusa.it\/de\/slide\/wallfahrtskirche-der-madonna-der-traenen\/\"><h5>Wallfahrtskirche der Madonna der Tr\u00e4nen<\/h5><\/a><\/div><\/div><div class=\"item\"><img decoding=\"async\" src=\"https:\/\/guidasiracusa.it\/de\/wp-content\/uploads\/sites\/2\/2013\/12\/DSCN3632-1024x768.jpg\" alt=\"St. Johannes Basilika\"><div class=\"carousel-caption\"><a href=\"https:\/\/guidasiracusa.it\/de\/slide\/st-johannes-basilika\/\"><h5>St. Johannes Basilika<\/h5><\/a><\/div><\/div><\/div>\n\n  <!-- Controls -->\n  <a class=\"left carousel-control\" href=\"#myCarousel29610825\" data-slide=\"prev\">\n    <span class=\"glyphicon glyphicon-chevron-left\"><\/span>\n  <\/a>\n  <a class=\"right carousel-control\" href=\"#myCarousel29610825\" data-slide=\"next\">\n    <span class=\"glyphicon glyphicon-chevron-right\"><\/span>\n  <\/a>\n<\/div><\/div><\/div><\/p>\n<p><div class=\"caption\">\n            <h4 class=\"tour-title\"><\/h4><\/div><\/div><br \/>\n<div class=\" col-lg-6\"><\/p>\n<p><div class=\"panel panel-default\"><div class=\"panel-heading\"><h3 class=\"panel-title\">Altstadt Ortygia<\/h3><\/div><div class=\"panel-body\"><div id=\"myCarousel604445773\" class=\"carousel slide\" data-ride=\"carousel\"><!-- Indicators --><ol class=\"carousel-indicators\"><li data-target=\"#myCarousel604445773\" data-slide-to=\"0\" class=\"active\"><\/li><li data-target=\"#myCarousel604445773\" data-slide-to=\"1\"><\/li><li data-target=\"#myCarousel604445773\" data-slide-to=\"2\"><\/li><li data-target=\"#myCarousel604445773\" data-slide-to=\"3\"><\/li><li data-target=\"#myCarousel604445773\" data-slide-to=\"4\"><\/li><\/ol>\n    <!-- Wrapper for slides -->\n  <div class=\"carousel-inner\"><div class=\"item active\"><img decoding=\"async\" src=\"https:\/\/guidasiracusa.it\/de\/wp-content\/uploads\/sites\/2\/2013\/12\/galleria-palazzo-bellomo_02.jpg\" alt=\"Regionalgalerie Palazzo Bellomo\"><div class=\"carousel-caption\"><a href=\"https:\/\/guidasiracusa.it\/de\/slide\/regionalgalerie-palazzo-bellomo\/\"><h5>Regionalgalerie Palazzo Bellomo<\/h5><\/a><\/div><\/div><div class=\"item\"><img decoding=\"async\" src=\"https:\/\/guidasiracusa.it\/de\/wp-content\/uploads\/sites\/2\/2013\/12\/Castello_maniace-1024x768.jpg\" alt=\"Festung Maniace\"><div class=\"carousel-caption\"><a href=\"https:\/\/guidasiracusa.it\/de\/slide\/festung-maniace\/\"><h5>Festung Maniace<\/h5><\/a><\/div><\/div><div class=\"item\"><img decoding=\"async\" src=\"https:\/\/guidasiracusa.it\/de\/wp-content\/uploads\/sites\/2\/2013\/12\/IMG_0566-1024x768.jpg\" alt=\"Dom und Athenatempel\"><div class=\"carousel-caption\"><a href=\"https:\/\/guidasiracusa.it\/de\/slide\/dom-und-athenatempel\/\"><h5>Dom und Athenatempel<\/h5><\/a><\/div><\/div><div class=\"item\"><img decoding=\"async\" src=\"https:\/\/guidasiracusa.it\/de\/wp-content\/uploads\/sites\/2\/2013\/12\/DSCN3647-1024x768.jpeg\" alt=\"Arethusaquelle\"><div class=\"carousel-caption\"><a href=\"https:\/\/guidasiracusa.it\/de\/slide\/arethusaquelle\/\"><h5>Arethusaquelle<\/h5><\/a><\/div><\/div><div class=\"item\"><img decoding=\"async\" src=\"https:\/\/guidasiracusa.it\/de\/wp-content\/uploads\/sites\/2\/2013\/12\/DSCN3638-1024x768.jpg\" alt=\"Apollotempel\"><div class=\"carousel-caption\"><a href=\"https:\/\/guidasiracusa.it\/de\/slide\/apollotempel\/\"><h5>Apollotempel<\/h5><\/a><\/div><\/div><\/div>\n\n  <!-- Controls -->\n  <a class=\"left carousel-control\" href=\"#myCarousel604445773\" data-slide=\"prev\">\n    <span class=\"glyphicon glyphicon-chevron-left\"><\/span>\n  <\/a>\n  <a class=\"right carousel-control\" href=\"#myCarousel604445773\" data-slide=\"next\">\n    <span class=\"glyphicon glyphicon-chevron-right\"><\/span>\n  <\/a>\n<\/div><\/div><\/div><\/p>\n<p><div class=\"panel panel-primary\"><div class=\"panel-heading\"><h3 class=\"panel-title\">GEF\u00dcHRTE BESICHTIGUNGEN AUF ANFRAGE<\/h3><\/div><div class=\"panel-body\">Einige Beispiele:<\/p>\n<ul class=\"margined\">\n<li>In der N\u00e4he des arch\u00e4ologischen Parks Neapolis:\n<ul>\n<li>arch\u00e4ologisches Museum Paolo Orsi<\/li>\n<li>Katakomben und St. Johannes Basilika mit Krypta des Hl. Marcianus<\/li>\n<li>Wallfahrtskirche der Madonna der Tr\u00e4nen und Haus des Wunders<\/li>\n<li>arch\u00e4ologische Promenade: Kirche des Hl. Nikolaus der Seiler, jahrhundertealter Ficus, Statue des Prometheus, sogenanntes Grab des Archimedes<\/li>\n<li>Kirche, Grab und Katakomben der Hl. Lucia<\/li>\n<\/ul>\n<\/li>\n<li>In der Altstadt Ortygia:\n<ul>\n<li>Regionalgalerie Palazzo Bellomo<\/li>\n<li>Festung Maniace<\/li>\n<li>hebr\u00e4isches Bad<\/li>\n<\/ul>\n<\/li>\n<li>Noch in der Altstadt Ortygia k\u00f6nnte eine klassische F\u00fchrung die folgenden zwei Promenaden umfassen:\n<ul>\n<li>Fischmarkt, griechische Stadtmauern, Handwerker-Stadtteil, Archimedesplatz mit Artemisbrunnen, Palazzo Montalto, via del Consiglio reginale, Jesuitenkirche, Domplatz mit den ber\u00fchmtesten Pal\u00e4sten und dem Hypog\u00e4um, Kirche der Hl. Lucia an der Abtei mit Gem\u00e4lde des Caravaggio<\/li>\n<li>Adelspal\u00e4ste von Via Vittorio Veneto und Via Maestranza, Judenstadtteil mit Kirche des Hl. Philippus und Kirche des Hl. Johannes des T\u00e4ufers, Kirche des Hl. Joseph und Gemeindetheater, Via Roma und Blick auf das Jonische Meer.<\/li>\n<\/ul>\n<\/li>\n<li>In der Umgebung von Syrakus kann man besichtigen:\n<ul>\n<li>die Kyanequelle mit den Papyrusstauden<\/li>\n<li>die Festung Euryalos mit den griechischen Stadtmauern.<\/li>\n<\/ul>\n<\/li>\n<li>In der Provinz von Syrakus sind zu entdecken:\n<ul>\n<li>Palazzolo, die Ausgrabungen von Akrai und das ethnographische Museum von Antonino Uccello<\/li>\n<li>Noto, die r\u00f6mische Villa del Tellaro und das Naturschutzgebiet von Vendicari<\/li>\n<li>die Fischerd\u00f6rfe von Marzamemi und Portopalo<\/li>\n<li>das Tal des Flusses Anapo und die Nekropole von Pantalica<\/li>\n<li>die Ausgrabungen von Megara Iblea.<\/li>\n<\/ul>\n<\/li>\n<\/ul>\n<p><div class=\"alert alert-warning margin-none\">Andere individuelle F\u00fchrungen auf Wunsch mit mir zu vereinbaren.<\/div><\/div><\/div><\/p>\n<p><div class=\"caption\">\n            <h4 class=\"tour-title\"><\/h4><\/div><\/div><br \/>\n<\/div>\n","protected":false},"excerpt":{"rendered":"","protected":false},"author":1,"featured_media":0,"parent":0,"menu_order":0,"comment_status":"open","ping_status":"open","template":"","meta":{"footnotes":""},"class_list":["post-99","page","type-page","status-publish","hentry"],"yoast_head":"<!-- This site is optimized with the Yoast SEO plugin v26.4 - https:\/\/yoast.com\/wordpress\/plugins\/seo\/ -->\n<title>F\u00fchrungen - Giuseppe Celani<\/title>\n<meta name=\"robots\" content=\"index, follow, max-snippet:-1, max-image-preview:large, max-video-preview:-1\" \/>\n<link rel=\"canonical\" href=\"https:\/\/guidasiracusa.it\/de\/fuehrungen\/\" \/>\n<meta name=\"twitter:label1\" content=\"Gesch\u00e4tzte Lesezeit\" \/>\n\t<meta name=\"twitter:data1\" content=\"2\u00a0Minuten\" \/>\n<script type=\"application\/ld+json\" class=\"yoast-schema-graph\">{\"@context\":\"https:\/\/schema.org\",\"@graph\":[{\"@type\":\"WebPage\",\"@id\":\"https:\/\/guidasiracusa.it\/de\/fuehrungen\/\",\"url\":\"https:\/\/guidasiracusa.it\/de\/fuehrungen\/\",\"name\":\"F\u00fchrungen - Giuseppe Celani\",\"isPartOf\":{\"@id\":\"http:\/\/guidasiracusa.it\/de\/#website\"},\"datePublished\":\"2013-12-09T23:40:33+00:00\",\"dateModified\":\"2014-01-27T17:08:54+00:00\",\"breadcrumb\":{\"@id\":\"https:\/\/guidasiracusa.it\/de\/fuehrungen\/#breadcrumb\"},\"inLanguage\":\"de\",\"potentialAction\":[{\"@type\":\"ReadAction\",\"target\":[\"https:\/\/guidasiracusa.it\/de\/fuehrungen\/\"]}]},{\"@type\":\"BreadcrumbList\",\"@id\":\"https:\/\/guidasiracusa.it\/de\/fuehrungen\/#breadcrumb\",\"itemListElement\":[{\"@type\":\"ListItem\",\"position\":1,\"name\":\"Home\",\"item\":\"http:\/\/guidasiracusa.it\/de\/\"},{\"@type\":\"ListItem\",\"position\":2,\"name\":\"F\u00fchrungen\"}]},{\"@type\":\"WebSite\",\"@id\":\"http:\/\/guidasiracusa.it\/de\/#website\",\"url\":\"http:\/\/guidasiracusa.it\/de\/\",\"name\":\"Giuseppe Celani\",\"description\":\"Fremdenf\u00fchrer in Syrakus\",\"potentialAction\":[{\"@type\":\"SearchAction\",\"target\":{\"@type\":\"EntryPoint\",\"urlTemplate\":\"http:\/\/guidasiracusa.it\/de\/?s={search_term_string}\"},\"query-input\":{\"@type\":\"PropertyValueSpecification\",\"valueRequired\":true,\"valueName\":\"search_term_string\"}}],\"inLanguage\":\"de\"}]}<\/script>\n<!-- \/ Yoast SEO plugin. -->","yoast_head_json":{"title":"F\u00fchrungen - Giuseppe Celani","robots":{"index":"index","follow":"follow","max-snippet":"max-snippet:-1","max-image-preview":"max-image-preview:large","max-video-preview":"max-video-preview:-1"},"canonical":"https:\/\/guidasiracusa.it\/de\/fuehrungen\/","twitter_misc":{"Gesch\u00e4tzte Lesezeit":"2\u00a0Minuten"},"schema":{"@context":"https:\/\/schema.org","@graph":[{"@type":"WebPage","@id":"https:\/\/guidasiracusa.it\/de\/fuehrungen\/","url":"https:\/\/guidasiracusa.it\/de\/fuehrungen\/","name":"F\u00fchrungen - Giuseppe Celani","isPartOf":{"@id":"http:\/\/guidasiracusa.it\/de\/#website"},"datePublished":"2013-12-09T23:40:33+00:00","dateModified":"2014-01-27T17:08:54+00:00","breadcrumb":{"@id":"https:\/\/guidasiracusa.it\/de\/fuehrungen\/#breadcrumb"},"inLanguage":"de","potentialAction":[{"@type":"ReadAction","target":["https:\/\/guidasiracusa.it\/de\/fuehrungen\/"]}]},{"@type":"BreadcrumbList","@id":"https:\/\/guidasiracusa.it\/de\/fuehrungen\/#breadcrumb","itemListElement":[{"@type":"ListItem","position":1,"name":"Home","item":"http:\/\/guidasiracusa.it\/de\/"},{"@type":"ListItem","position":2,"name":"F\u00fchrungen"}]},{"@type":"WebSite","@id":"http:\/\/guidasiracusa.it\/de\/#website","url":"http:\/\/guidasiracusa.it\/de\/","name":"Giuseppe Celani","description":"Fremdenf\u00fchrer in Syrakus","potentialAction":[{"@type":"SearchAction","target":{"@type":"EntryPoint","urlTemplate":"http:\/\/guidasiracusa.it\/de\/?s={search_term_string}"},"query-input":{"@type":"PropertyValueSpecification","valueRequired":true,"valueName":"search_term_string"}}],"inLanguage":"de"}]}},"_links":{"self":[{"href":"https:\/\/guidasiracusa.it\/de\/wp-json\/wp\/v2\/pages\/99","targetHints":{"allow":["GET"]}}],"collection":[{"href":"https:\/\/guidasiracusa.it\/de\/wp-json\/wp\/v2\/pages"}],"about":[{"href":"https:\/\/guidasiracusa.it\/de\/wp-json\/wp\/v2\/types\/page"}],"author":[{"embeddable":true,"href":"https:\/\/guidasiracusa.it\/de\/wp-json\/wp\/v2\/users\/1"}],"replies":[{"embeddable":true,"href":"https:\/\/guidasiracusa.it\/de\/wp-json\/wp\/v2\/comments?post=99"}],"version-history":[{"count":9,"href":"https:\/\/guidasiracusa.it\/de\/wp-json\/wp\/v2\/pages\/99\/revisions"}],"predecessor-version":[{"id":214,"href":"https:\/\/guidasiracusa.it\/de\/wp-json\/wp\/v2\/pages\/99\/revisions\/214"}],"wp:attachment":[{"href":"https:\/\/guidasiracusa.it\/de\/wp-json\/wp\/v2\/media?parent=99"}],"curies":[{"name":"wp","href":"https:\/\/api.w.org\/{rel}","templated":true}]}}