{"id":64,"date":"2013-12-09T22:59:47","date_gmt":"2013-12-09T21:59:47","guid":{"rendered":"http:\/\/guidasiracusa.it\/de\/?page_id=64"},"modified":"2013-12-11T22:05:42","modified_gmt":"2013-12-11T21:05:42","slug":"zu-besichtigen","status":"publish","type":"page","link":"https:\/\/guidasiracusa.it\/de\/syrakus\/zu-besichtigen\/","title":{"rendered":"Zu besichtigen"},"content":{"rendered":"<p><a href=\"http:\/\/guidasiracusa.it\/siracusa\/cosa-trovi-a-siracusa\/archimede_bagno\/\" rel=\"attachment wp-att-34\"><img loading=\"lazy\" decoding=\"async\" class=\"alignnone img-thumbnail size-full wp-image-34 pull-left\" alt=\"archimede_bagno\" src=\"http:\/\/guidasiracusa.it\/wp-content\/uploads\/2013\/12\/archimede_bagno.jpg\" width=\"233\" height=\"184\" \/><\/a>Cicero nennt Syrakus &#8222;die gr\u00f6\u00dfte und die sch\u00f6nste griechische Stadt&#8220;.<\/p>\n<p>Das ist die Stadt des Archimedes, des Mathematikers, des Physikers, des bedeutenden Erfinders.<\/p>\n<p><a href=\"http:\/\/guidasiracusa.it\/siracusa\/cosa-trovi-a-siracusa\/ortigia-jpg\/\"><img loading=\"lazy\" decoding=\"async\" class=\"alignnone img-thumbnail wp-image-30 pull-right\" alt=\"ortigia\" src=\"http:\/\/guidasiracusa.it\/wp-content\/uploads\/2013\/12\/ortigia.jpg.gif\" width=\"246\" height=\"246\" \/><\/a><\/p>\n<p>Hier lebt noch heute die Nymphe Arethusa, die auf der Insel Ortygia in eine Quelle von Artemis verwandelt wurde.<br \/>\nDie Besichtigung dieser Insel ist also ein au\u00dferordentliches Erlebnis: w\u00e4hrend eines Spazierganges durch die Gassen der Altstadt findet man an jeder Ecke die Spuren ihrer tausendj\u00e4rigen Geschichte.<\/p>\n<p><a href=\"http:\/\/guidasiracusa.it\/siracusa\/cosa-trovi-a-siracusa\/teatro-greco-siracusa\/\"><img loading=\"lazy\" decoding=\"async\" class=\"alignnone img-thumbnail wp-image-31 pull-left\" alt=\"teatro-greco-siracusa\" src=\"http:\/\/guidasiracusa.it\/wp-content\/uploads\/2013\/12\/teatro-Greco-Siracusa.jpg\" width=\"316\" height=\"232\" \/><\/a><\/p>\n<p>Beim Park Neapolis kann man auf den Stufen des Theaters sitzen, das von den Sklaven aus dem H\u00fcgel Temenite herausgeschlagen wurde. Wie auch die Ergebenen und die Gro\u00dfen seiner Vergangenheit kann man die Atmosph\u00e4re von jenen Tagen erleben, als, wie noch heute jedes Fr\u00fchjahr, die Werke der ber\u00fchmtesten Tragiker auf seiner B\u00fchne aufgef\u00fchrt wurden.<\/p>\n<p><a href=\"http:\/\/guidasiracusa.it\/siracusa\/cosa-trovi-a-siracusa\/mercato-di-ortigia\/\"><img loading=\"lazy\" decoding=\"async\" class=\"alignnone img-thumbnail wp-image-32 pull-right\" alt=\"mercato-di-ortigia\" src=\"http:\/\/guidasiracusa.it\/wp-content\/uploads\/2013\/12\/mercato-di-ortigia-768x1024.jpeg\" width=\"194\" height=\"258\" \/><\/a><\/p>\n<p>Die Zutaten der leckeren Gerichte der sizilianischen K\u00fcche findet man am Fischmarkt von Ortygia, wo die Verk\u00e4ufer ihre bunte Ware laut beschreiben; hier t\u00f6nt alles wie der Gebetsruf des Muezzins: dieser Markt scheint ein Souk zu sein.<\/p>\n<p>Bei den Ausgrabungen scheint es die Leiden der Verlierer noch heute h\u00f6ren zu k\u00f6nnen: sie gellen im Inneren der entsetzlichen Steinbr\u00fcche mit den sehr h\u00f6hen W\u00e4nden; die Latomien waren ein riesiger Arbeitsort f\u00fcr Tausende von Ungl\u00fccklichen, die diese Stadt mit ihrer Bem\u00fchung reich und edel machten.<\/p>\n<p><a href=\"http:\/\/guidasiracusa.it\/siracusa\/cosa-trovi-a-siracusa\/san-paolo\/\"><img loading=\"lazy\" decoding=\"async\" class=\"alignnone img-thumbnail wp-image-33 pull-left\" alt=\"san-paolo\" src=\"http:\/\/guidasiracusa.it\/wp-content\/uploads\/2013\/12\/san-paolo.jpg\" width=\"166\" height=\"254\" \/><\/a><\/p>\n<p>Wir reisen auf den Spuren des Heiligen Paulus, der hier ankam, um den ersten Christen zu begegnen, die im Inneren von Grotten lebten: sie werden die Katakomben sein.<\/p>\n<p>Was geschah im Sommer 1953 bei einer armen Familie zu Hause, als alle &#8222;Wunder&#8220; riefen? Das versteht man besser w\u00e4hrend der Besichtigung der riesigen Wallfahrtskirche, die zur Ehre der kleinen Madonna der Tr\u00e4nen errichtet wurde, und des kleinen Hauses von Via degli Orti, wo die Muttergottes aus Gips weinte.<\/p>\n<p><a href=\"http:\/\/guidasiracusa.it\/siracusa\/cosa-trovi-a-siracusa\/madonn-sir\/\"><img loading=\"lazy\" decoding=\"async\" class=\"alignnone img-thumbnail wp-image-29 pull-right\" alt=\"madonna-lacrime\" src=\"http:\/\/guidasiracusa.it\/wp-content\/uploads\/2013\/12\/madonn-sir-693x1024.jpg\" width=\"150\" height=\"221\" \/><\/a><\/p>\n<p>Am ersten Maisonntag und am 13. Dezember wird die Schutzheilige Lucia gefeiert: zweimal im Jahr eine Phantasmagorie mit Lichteffekte und Feuerwerk und eine besondere Prozession mit der Statue aus Silber der Heiligen, die auf den Schultern von 48 M\u00e4nnern getragen wird.<\/p>\n","protected":false},"excerpt":{"rendered":"<p>Cicero nennt Syrakus &#8222;die gr\u00f6\u00dfte und die sch\u00f6nste griechische Stadt&#8220;. Das ist die Stadt des Archimedes, des Mathematikers, des Physikers, des bedeutenden Erfinders. Hier lebt noch heute die Nymphe Arethusa, die auf der Insel Ortygia in eine Quelle von Artemis verwandelt wurde. Die Besichtigung dieser Insel ist also ein au\u00dferordentliches Erlebnis: w\u00e4hrend eines Spazierganges durch [&hellip;]<\/p>\n","protected":false},"author":1,"featured_media":0,"parent":40,"menu_order":0,"comment_status":"open","ping_status":"closed","template":"","meta":{"footnotes":""},"class_list":["post-64","page","type-page","status-publish","hentry"],"yoast_head":"<!-- This site is optimized with the Yoast SEO plugin v26.4 - https:\/\/yoast.com\/wordpress\/plugins\/seo\/ -->\n<title>Zu besichtigen - Giuseppe Celani<\/title>\n<meta name=\"robots\" content=\"index, follow, max-snippet:-1, max-image-preview:large, max-video-preview:-1\" \/>\n<link rel=\"canonical\" href=\"https:\/\/guidasiracusa.it\/de\/syrakus\/zu-besichtigen\/\" \/>\n<meta name=\"twitter:label1\" content=\"Gesch\u00e4tzte Lesezeit\" \/>\n\t<meta name=\"twitter:data1\" content=\"2\u00a0Minuten\" \/>\n<script type=\"application\/ld+json\" class=\"yoast-schema-graph\">{\"@context\":\"https:\/\/schema.org\",\"@graph\":[{\"@type\":\"WebPage\",\"@id\":\"https:\/\/guidasiracusa.it\/de\/syrakus\/zu-besichtigen\/\",\"url\":\"https:\/\/guidasiracusa.it\/de\/syrakus\/zu-besichtigen\/\",\"name\":\"Zu besichtigen - Giuseppe Celani\",\"isPartOf\":{\"@id\":\"http:\/\/guidasiracusa.it\/de\/#website\"},\"primaryImageOfPage\":{\"@id\":\"https:\/\/guidasiracusa.it\/de\/syrakus\/zu-besichtigen\/#primaryimage\"},\"image\":{\"@id\":\"https:\/\/guidasiracusa.it\/de\/syrakus\/zu-besichtigen\/#primaryimage\"},\"thumbnailUrl\":\"http:\/\/guidasiracusa.it\/wp-content\/uploads\/2013\/12\/archimede_bagno.jpg\",\"datePublished\":\"2013-12-09T21:59:47+00:00\",\"dateModified\":\"2013-12-11T21:05:42+00:00\",\"breadcrumb\":{\"@id\":\"https:\/\/guidasiracusa.it\/de\/syrakus\/zu-besichtigen\/#breadcrumb\"},\"inLanguage\":\"de\",\"potentialAction\":[{\"@type\":\"ReadAction\",\"target\":[\"https:\/\/guidasiracusa.it\/de\/syrakus\/zu-besichtigen\/\"]}]},{\"@type\":\"ImageObject\",\"inLanguage\":\"de\",\"@id\":\"https:\/\/guidasiracusa.it\/de\/syrakus\/zu-besichtigen\/#primaryimage\",\"url\":\"http:\/\/guidasiracusa.it\/wp-content\/uploads\/2013\/12\/archimede_bagno.jpg\",\"contentUrl\":\"http:\/\/guidasiracusa.it\/wp-content\/uploads\/2013\/12\/archimede_bagno.jpg\"},{\"@type\":\"BreadcrumbList\",\"@id\":\"https:\/\/guidasiracusa.it\/de\/syrakus\/zu-besichtigen\/#breadcrumb\",\"itemListElement\":[{\"@type\":\"ListItem\",\"position\":1,\"name\":\"Home\",\"item\":\"http:\/\/guidasiracusa.it\/de\/\"},{\"@type\":\"ListItem\",\"position\":2,\"name\":\"Syrakus\",\"item\":\"https:\/\/guidasiracusa.it\/de\/syrakus\/\"},{\"@type\":\"ListItem\",\"position\":3,\"name\":\"Zu besichtigen\"}]},{\"@type\":\"WebSite\",\"@id\":\"http:\/\/guidasiracusa.it\/de\/#website\",\"url\":\"http:\/\/guidasiracusa.it\/de\/\",\"name\":\"Giuseppe Celani\",\"description\":\"Fremdenf\u00fchrer in Syrakus\",\"potentialAction\":[{\"@type\":\"SearchAction\",\"target\":{\"@type\":\"EntryPoint\",\"urlTemplate\":\"http:\/\/guidasiracusa.it\/de\/?s={search_term_string}\"},\"query-input\":{\"@type\":\"PropertyValueSpecification\",\"valueRequired\":true,\"valueName\":\"search_term_string\"}}],\"inLanguage\":\"de\"}]}<\/script>\n<!-- \/ Yoast SEO plugin. -->","yoast_head_json":{"title":"Zu besichtigen - Giuseppe Celani","robots":{"index":"index","follow":"follow","max-snippet":"max-snippet:-1","max-image-preview":"max-image-preview:large","max-video-preview":"max-video-preview:-1"},"canonical":"https:\/\/guidasiracusa.it\/de\/syrakus\/zu-besichtigen\/","twitter_misc":{"Gesch\u00e4tzte Lesezeit":"2\u00a0Minuten"},"schema":{"@context":"https:\/\/schema.org","@graph":[{"@type":"WebPage","@id":"https:\/\/guidasiracusa.it\/de\/syrakus\/zu-besichtigen\/","url":"https:\/\/guidasiracusa.it\/de\/syrakus\/zu-besichtigen\/","name":"Zu besichtigen - Giuseppe Celani","isPartOf":{"@id":"http:\/\/guidasiracusa.it\/de\/#website"},"primaryImageOfPage":{"@id":"https:\/\/guidasiracusa.it\/de\/syrakus\/zu-besichtigen\/#primaryimage"},"image":{"@id":"https:\/\/guidasiracusa.it\/de\/syrakus\/zu-besichtigen\/#primaryimage"},"thumbnailUrl":"http:\/\/guidasiracusa.it\/wp-content\/uploads\/2013\/12\/archimede_bagno.jpg","datePublished":"2013-12-09T21:59:47+00:00","dateModified":"2013-12-11T21:05:42+00:00","breadcrumb":{"@id":"https:\/\/guidasiracusa.it\/de\/syrakus\/zu-besichtigen\/#breadcrumb"},"inLanguage":"de","potentialAction":[{"@type":"ReadAction","target":["https:\/\/guidasiracusa.it\/de\/syrakus\/zu-besichtigen\/"]}]},{"@type":"ImageObject","inLanguage":"de","@id":"https:\/\/guidasiracusa.it\/de\/syrakus\/zu-besichtigen\/#primaryimage","url":"http:\/\/guidasiracusa.it\/wp-content\/uploads\/2013\/12\/archimede_bagno.jpg","contentUrl":"http:\/\/guidasiracusa.it\/wp-content\/uploads\/2013\/12\/archimede_bagno.jpg"},{"@type":"BreadcrumbList","@id":"https:\/\/guidasiracusa.it\/de\/syrakus\/zu-besichtigen\/#breadcrumb","itemListElement":[{"@type":"ListItem","position":1,"name":"Home","item":"http:\/\/guidasiracusa.it\/de\/"},{"@type":"ListItem","position":2,"name":"Syrakus","item":"https:\/\/guidasiracusa.it\/de\/syrakus\/"},{"@type":"ListItem","position":3,"name":"Zu besichtigen"}]},{"@type":"WebSite","@id":"http:\/\/guidasiracusa.it\/de\/#website","url":"http:\/\/guidasiracusa.it\/de\/","name":"Giuseppe Celani","description":"Fremdenf\u00fchrer in Syrakus","potentialAction":[{"@type":"SearchAction","target":{"@type":"EntryPoint","urlTemplate":"http:\/\/guidasiracusa.it\/de\/?s={search_term_string}"},"query-input":{"@type":"PropertyValueSpecification","valueRequired":true,"valueName":"search_term_string"}}],"inLanguage":"de"}]}},"_links":{"self":[{"href":"https:\/\/guidasiracusa.it\/de\/wp-json\/wp\/v2\/pages\/64","targetHints":{"allow":["GET"]}}],"collection":[{"href":"https:\/\/guidasiracusa.it\/de\/wp-json\/wp\/v2\/pages"}],"about":[{"href":"https:\/\/guidasiracusa.it\/de\/wp-json\/wp\/v2\/types\/page"}],"author":[{"embeddable":true,"href":"https:\/\/guidasiracusa.it\/de\/wp-json\/wp\/v2\/users\/1"}],"replies":[{"embeddable":true,"href":"https:\/\/guidasiracusa.it\/de\/wp-json\/wp\/v2\/comments?post=64"}],"version-history":[{"count":3,"href":"https:\/\/guidasiracusa.it\/de\/wp-json\/wp\/v2\/pages\/64\/revisions"}],"predecessor-version":[{"id":186,"href":"https:\/\/guidasiracusa.it\/de\/wp-json\/wp\/v2\/pages\/64\/revisions\/186"}],"up":[{"embeddable":true,"href":"https:\/\/guidasiracusa.it\/de\/wp-json\/wp\/v2\/pages\/40"}],"wp:attachment":[{"href":"https:\/\/guidasiracusa.it\/de\/wp-json\/wp\/v2\/media?parent=64"}],"curies":[{"name":"wp","href":"https:\/\/api.w.org\/{rel}","templated":true}]}}