{"id":43,"date":"2013-12-09T16:33:13","date_gmt":"2013-12-09T15:33:13","guid":{"rendered":"http:\/\/guidasiracusa.it\/de\/?page_id=43"},"modified":"2013-12-11T18:43:51","modified_gmt":"2013-12-11T17:43:51","slug":"bringen-und-kaufen","status":"publish","type":"page","link":"https:\/\/guidasiracusa.it\/de\/syrakus\/bringen-und-kaufen\/","title":{"rendered":"Klima und K\u00fcche"},"content":{"rendered":"<div class=\"panel panel-primary\"><div class=\"panel-heading\"><h3 class=\"panel-title\">KLIMA<\/h3><\/div><div class=\"panel-body\">Die sch\u00f6nsten Jahreszeiten f\u00fcr Ihre Sizilienrundreise sind das Fr\u00fchjahr und der Herbst, weil das Klima der Insel mild ist: die Landschaft ist blendend reich an Farben und T\u00f6nen. Auch der Sommer und der Winter sind g\u00fcnstig, aber extreme Hitze und Regentage k\u00f6nnen die Reise problematisch machen.<br \/>\nDie folgende ist eine Tabelle der Min. Max. Medientemperaturen und der Millimeter Regen von Syrakus Monat f\u00fcr Monat. Eine geeignete Kleidung ist also zu empfehlen!<\/p>\n<p class=\"small-margin-top\" style=\"text-align: center\"><a href=\"http:\/\/guidasiracusa.it\/de\/wp-content\/uploads\/sites\/2\/2013\/12\/Schermata-2013-12-09-alle-16.47.49.png\"><img loading=\"lazy\" decoding=\"async\" class=\"wp-image-14 aligncenter element img-thumbnail\" alt=\"temperature\" src=\"http:\/\/guidasiracusa.it\/de\/wp-content\/uploads\/sites\/2\/2013\/12\/Schermata-2013-12-09-alle-16.47.49-1024x168.png\" width=\"573\" height=\"90\" \/><\/a><\/p>\n<p><\/div><\/div>\n<div class=\"panel panel-primary\"><div class=\"panel-heading\"><h3 class=\"panel-title\">K\u00dcCHE<\/h3><\/div><div class=\"panel-body\">Vor der Abfahrt m\u00f6chten Sie sicher etwas als Erinnerung an die Reise: Sie werden schon sicher eine gro\u00dfe Sammlung von Fotos haben.<br \/>\nAber ich glaube, Sie wollen auch den Geschmack und den Geruch dieser Erde mitnehmen. In diesem Fall hat der Reisender mit dem eigenen Auto gro\u00dfes Gl\u00fcck: mit dem Flugzeug darf man deutlich weniger transportieren.<br \/>\nHier schlage ich Ihnen einige typische Spezialit\u00e4ten der sizilianischen K\u00fcche vor.<\/p>\n<table class=\"small-margin-top table table-hover\">\n<thead>\n<tr class=\"warning\">\n<th>Stadt<\/th>\n<th>Spezialit\u00e4ten<\/th>\n<\/tr>\n<\/thead>\n<tbody>\n<tr>\n<td>Syrakus<\/td>\n<td>Thunfischkonserven und andere Fischprodukte, Honig aus Sortino, Mandelgeb\u00e4cke und Mandelmilch, Kirschtomaten, Kapern, Tomatekonserven, Wein &#8222;nero d&#8217;Avola&#8220;, Muskatwein aus Noto und aus Syrakus, Brot aus Lentini, Mandeln aus Avola<\/td>\n<\/tr>\n<tr>\n<td>Ragusa<\/td>\n<td>Schokolade aus Modica, Zwiebeln aus Giarratana, K\u00e4se &#8222;ragusano&#8220; und andere Molkereiprodukte<\/td>\n<\/tr>\n<tr>\n<td>Catania<\/td>\n<td>Lik\u00f6r\u00a0&#8222;fuoco dell&#8217;Etna 70\u00b0&#8220;, Pistazien, Nougatinen, Pinienkernen, Honig<\/td>\n<\/tr>\n<tr>\n<td>Trapani<\/td>\n<td>Couscous mit Fisch, Muskatwein &#8222;zibibbo&#8220; und Kapern aus Pantelleria, gelbe Zuckermelone aus Paceco, Thunfischrogen aus Favignana<\/td>\n<\/tr>\n<tr>\n<td>Agrigent<\/td>\n<td>Orangen aus Ribera, Fischkonserven, Pfirsiche, Weinreben &#8222;Italia&#8220; aus Canicatt\u00ec<\/td>\n<\/tr>\n<tr>\n<td>Caltanissetta<\/td>\n<td>Kekse &#8222;cuddrireddra&#8220; aus Delia<\/td>\n<\/tr>\n<tr>\n<td>Palermo<\/td>\n<td>Brot mit &#8222;panelle&#8220; (kleinen Pfannkuchen aus Kichererbsenmehl), Pflaumen aus Monreale, Linsen aus Ustica<\/td>\n<\/tr>\n<tr>\n<td>Enna<\/td>\n<td>Pfirsiche aus Leonforte<\/td>\n<\/tr>\n<tr>\n<td>Messina<\/td>\n<td>&#8222;<a href=\"http:\/\/de.wikipedia.org\/wiki\/Pignolata\" target=\"_blank\">pignolata<\/a>&#8222;, Kapern aus Salina, Provole aus den Nebrodi-Bergen<\/td>\n<\/tr>\n<tr>\n<td>ganzes Land<\/td>\n<td>&#8222;<a href=\"http:\/\/de.wikipedia.org\/wiki\/Cassata\" target=\"_blank\">cassata siciliana<\/a>&#8222;, &#8222;<a href=\"http:\/\/de.wikipedia.org\/wiki\/Cannoli\" target=\"_blank\">cannoli<\/a>&#8222;, Marzipanfr\u00fcchte, &#8222;<a href=\"http:\/\/de.wikipedia.org\/wiki\/Arancino\" target=\"_blank\">arancini<\/a>&#8222;, Oliven\u00f6l, Zitrusfr\u00fcchte, Wein, &#8222;<a href=\"http:\/\/de.wikipedia.org\/wiki\/Marsala_(Wein)\" target=\"_blank\">marsala<\/a>, &#8222;<a href=\"http:\/\/de.wikipedia.org\/wiki\/Caponata\" target=\"_blank\">caponata<\/a>&#8222;, Gew\u00fcrze, Kaktusfeigen, Oliven, Mandeln, Molkereiprodukte<\/td>\n<\/tr>\n<tr>\n<td>exzellente sizilianische Produkte<\/td>\n<td><a href=\"http:\/\/de.wikipedia.org\/wiki\/Denominazione_d%27Origine_Protetta\" target=\"_blank\">DOP<\/a>-Produkte: natives Oliven\u00f6l Extra\u00a0Monti Iblei,\u00a0natives Oliven\u00f6l Extra\u00a0Valli Trapanesi,\u00a0natives Oliven\u00f6l Extra\u00a0Val di Mazara,\u00a0natives Oliven\u00f6l Extra\u00a0Monte Etna,\u00a0natives Oliven\u00f6l Extra\u00a0Valle del Belice,\u00a0natives Oliven\u00f6l Extra\u00a0Valdemone,\u00a0natives Oliven\u00f6l Extra\u00a0Colli Nisseni,\u00a0natives Oliven\u00f6l Extra\u00a0Colline Ennesi, Orangen aus Ribera, Kirschen aus dem Etna, Kaktusfeigen aus dem Etna, Kaktusfeigen aus San Cono, Oliven &#8222;nocellara&#8220; aus dem Belice-Tal, Pistazien aus Bronte, &#8222;<a href=\"http:\/\/de.wikipedia.org\/wiki\/Pecorino_siciliano\" target=\"_blank\">pecorino<\/a>&#8220; aus Sizilien, K\u00e4se &#8222;piacentinu&#8220; aus Enna, K\u00e4se\u00a0&#8222;ragusano&#8220;, K\u00e4se\u00a0&#8222;vastedda&#8220; aus dem Belice-Tal, Brot &#8222;pagnotta del Dittaino&#8220;.<br \/>\n<a href=\"http:\/\/de.wikipedia.org\/wiki\/Gesch%C3%BCtzte_Ursprungsbezeichnung#Gesch.C3.BCtzte_geographische_Angabe_.28g.g.A..2C_engl._PGI.29\" target=\"_blank\">IGP<\/a>-Produkte: Blutorangen aus Sizilien, Kapern aus Pantelleria, Karotten aus Ispica, Zitronen &#8222;Interdonato&#8220;, Zitronen aus Syrakus, Melonen aus Pachino, Pfirsich aus Leonforte, Tomaten aus Pachino, Weinreben aus Canicatt\u00ec, Weinreben aus Mazzarrone, Salami aus Sant&#8217;Angelo.<\/td>\n<\/tr>\n<\/tbody>\n<\/table>\n<p><\/div><\/div>\n","protected":false},"excerpt":{"rendered":"","protected":false},"author":1,"featured_media":0,"parent":40,"menu_order":0,"comment_status":"open","ping_status":"closed","template":"","meta":{"footnotes":""},"class_list":["post-43","page","type-page","status-publish","hentry"],"yoast_head":"<!-- This site is optimized with the Yoast SEO plugin v26.4 - https:\/\/yoast.com\/wordpress\/plugins\/seo\/ -->\n<title>Klima und K\u00fcche - Giuseppe Celani<\/title>\n<meta name=\"robots\" content=\"index, follow, max-snippet:-1, max-image-preview:large, max-video-preview:-1\" \/>\n<link rel=\"canonical\" href=\"https:\/\/guidasiracusa.it\/de\/syrakus\/bringen-und-kaufen\/\" \/>\n<meta name=\"twitter:label1\" content=\"Gesch\u00e4tzte Lesezeit\" \/>\n\t<meta name=\"twitter:data1\" content=\"2\u00a0Minuten\" \/>\n<script type=\"application\/ld+json\" class=\"yoast-schema-graph\">{\"@context\":\"https:\/\/schema.org\",\"@graph\":[{\"@type\":\"WebPage\",\"@id\":\"https:\/\/guidasiracusa.it\/de\/syrakus\/bringen-und-kaufen\/\",\"url\":\"https:\/\/guidasiracusa.it\/de\/syrakus\/bringen-und-kaufen\/\",\"name\":\"Klima und K\u00fcche - Giuseppe Celani\",\"isPartOf\":{\"@id\":\"http:\/\/guidasiracusa.it\/de\/#website\"},\"primaryImageOfPage\":{\"@id\":\"https:\/\/guidasiracusa.it\/de\/syrakus\/bringen-und-kaufen\/#primaryimage\"},\"image\":{\"@id\":\"https:\/\/guidasiracusa.it\/de\/syrakus\/bringen-und-kaufen\/#primaryimage\"},\"thumbnailUrl\":\"http:\/\/guidasiracusa.it\/de\/wp-content\/uploads\/sites\/2\/2013\/12\/Schermata-2013-12-09-alle-16.47.49-1024x168.png\",\"datePublished\":\"2013-12-09T15:33:13+00:00\",\"dateModified\":\"2013-12-11T17:43:51+00:00\",\"breadcrumb\":{\"@id\":\"https:\/\/guidasiracusa.it\/de\/syrakus\/bringen-und-kaufen\/#breadcrumb\"},\"inLanguage\":\"de\",\"potentialAction\":[{\"@type\":\"ReadAction\",\"target\":[\"https:\/\/guidasiracusa.it\/de\/syrakus\/bringen-und-kaufen\/\"]}]},{\"@type\":\"ImageObject\",\"inLanguage\":\"de\",\"@id\":\"https:\/\/guidasiracusa.it\/de\/syrakus\/bringen-und-kaufen\/#primaryimage\",\"url\":\"https:\/\/guidasiracusa.it\/de\/wp-content\/uploads\/sites\/2\/2013\/12\/Schermata-2013-12-09-alle-16.47.49.png\",\"contentUrl\":\"https:\/\/guidasiracusa.it\/de\/wp-content\/uploads\/sites\/2\/2013\/12\/Schermata-2013-12-09-alle-16.47.49.png\",\"width\":1190,\"height\":196,\"caption\":\"temperatur\"},{\"@type\":\"BreadcrumbList\",\"@id\":\"https:\/\/guidasiracusa.it\/de\/syrakus\/bringen-und-kaufen\/#breadcrumb\",\"itemListElement\":[{\"@type\":\"ListItem\",\"position\":1,\"name\":\"Home\",\"item\":\"http:\/\/guidasiracusa.it\/de\/\"},{\"@type\":\"ListItem\",\"position\":2,\"name\":\"Syrakus\",\"item\":\"http:\/\/guidasiracusa.it\/de\/syrakus\/\"},{\"@type\":\"ListItem\",\"position\":3,\"name\":\"Klima und K\u00fcche\"}]},{\"@type\":\"WebSite\",\"@id\":\"http:\/\/guidasiracusa.it\/de\/#website\",\"url\":\"http:\/\/guidasiracusa.it\/de\/\",\"name\":\"Giuseppe Celani\",\"description\":\"Fremdenf\u00fchrer in Syrakus\",\"potentialAction\":[{\"@type\":\"SearchAction\",\"target\":{\"@type\":\"EntryPoint\",\"urlTemplate\":\"http:\/\/guidasiracusa.it\/de\/?s={search_term_string}\"},\"query-input\":{\"@type\":\"PropertyValueSpecification\",\"valueRequired\":true,\"valueName\":\"search_term_string\"}}],\"inLanguage\":\"de\"}]}<\/script>\n<!-- \/ Yoast SEO plugin. -->","yoast_head_json":{"title":"Klima und K\u00fcche - Giuseppe Celani","robots":{"index":"index","follow":"follow","max-snippet":"max-snippet:-1","max-image-preview":"max-image-preview:large","max-video-preview":"max-video-preview:-1"},"canonical":"https:\/\/guidasiracusa.it\/de\/syrakus\/bringen-und-kaufen\/","twitter_misc":{"Gesch\u00e4tzte Lesezeit":"2\u00a0Minuten"},"schema":{"@context":"https:\/\/schema.org","@graph":[{"@type":"WebPage","@id":"https:\/\/guidasiracusa.it\/de\/syrakus\/bringen-und-kaufen\/","url":"https:\/\/guidasiracusa.it\/de\/syrakus\/bringen-und-kaufen\/","name":"Klima und K\u00fcche - Giuseppe Celani","isPartOf":{"@id":"http:\/\/guidasiracusa.it\/de\/#website"},"primaryImageOfPage":{"@id":"https:\/\/guidasiracusa.it\/de\/syrakus\/bringen-und-kaufen\/#primaryimage"},"image":{"@id":"https:\/\/guidasiracusa.it\/de\/syrakus\/bringen-und-kaufen\/#primaryimage"},"thumbnailUrl":"http:\/\/guidasiracusa.it\/de\/wp-content\/uploads\/sites\/2\/2013\/12\/Schermata-2013-12-09-alle-16.47.49-1024x168.png","datePublished":"2013-12-09T15:33:13+00:00","dateModified":"2013-12-11T17:43:51+00:00","breadcrumb":{"@id":"https:\/\/guidasiracusa.it\/de\/syrakus\/bringen-und-kaufen\/#breadcrumb"},"inLanguage":"de","potentialAction":[{"@type":"ReadAction","target":["https:\/\/guidasiracusa.it\/de\/syrakus\/bringen-und-kaufen\/"]}]},{"@type":"ImageObject","inLanguage":"de","@id":"https:\/\/guidasiracusa.it\/de\/syrakus\/bringen-und-kaufen\/#primaryimage","url":"https:\/\/guidasiracusa.it\/de\/wp-content\/uploads\/sites\/2\/2013\/12\/Schermata-2013-12-09-alle-16.47.49.png","contentUrl":"https:\/\/guidasiracusa.it\/de\/wp-content\/uploads\/sites\/2\/2013\/12\/Schermata-2013-12-09-alle-16.47.49.png","width":1190,"height":196,"caption":"temperatur"},{"@type":"BreadcrumbList","@id":"https:\/\/guidasiracusa.it\/de\/syrakus\/bringen-und-kaufen\/#breadcrumb","itemListElement":[{"@type":"ListItem","position":1,"name":"Home","item":"http:\/\/guidasiracusa.it\/de\/"},{"@type":"ListItem","position":2,"name":"Syrakus","item":"http:\/\/guidasiracusa.it\/de\/syrakus\/"},{"@type":"ListItem","position":3,"name":"Klima und K\u00fcche"}]},{"@type":"WebSite","@id":"http:\/\/guidasiracusa.it\/de\/#website","url":"http:\/\/guidasiracusa.it\/de\/","name":"Giuseppe Celani","description":"Fremdenf\u00fchrer in Syrakus","potentialAction":[{"@type":"SearchAction","target":{"@type":"EntryPoint","urlTemplate":"http:\/\/guidasiracusa.it\/de\/?s={search_term_string}"},"query-input":{"@type":"PropertyValueSpecification","valueRequired":true,"valueName":"search_term_string"}}],"inLanguage":"de"}]}},"_links":{"self":[{"href":"https:\/\/guidasiracusa.it\/de\/wp-json\/wp\/v2\/pages\/43","targetHints":{"allow":["GET"]}}],"collection":[{"href":"https:\/\/guidasiracusa.it\/de\/wp-json\/wp\/v2\/pages"}],"about":[{"href":"https:\/\/guidasiracusa.it\/de\/wp-json\/wp\/v2\/types\/page"}],"author":[{"embeddable":true,"href":"https:\/\/guidasiracusa.it\/de\/wp-json\/wp\/v2\/users\/1"}],"replies":[{"embeddable":true,"href":"https:\/\/guidasiracusa.it\/de\/wp-json\/wp\/v2\/comments?post=43"}],"version-history":[{"count":20,"href":"https:\/\/guidasiracusa.it\/de\/wp-json\/wp\/v2\/pages\/43\/revisions"}],"predecessor-version":[{"id":168,"href":"https:\/\/guidasiracusa.it\/de\/wp-json\/wp\/v2\/pages\/43\/revisions\/168"}],"up":[{"embeddable":true,"href":"https:\/\/guidasiracusa.it\/de\/wp-json\/wp\/v2\/pages\/40"}],"wp:attachment":[{"href":"https:\/\/guidasiracusa.it\/de\/wp-json\/wp\/v2\/media?parent=43"}],"curies":[{"name":"wp","href":"https:\/\/api.w.org\/{rel}","templated":true}]}}