{"id":53,"date":"2013-12-09T17:03:29","date_gmt":"2013-12-09T16:03:29","guid":{"rendered":"http:\/\/guidasiracusa.it\/de\/?page_id=53"},"modified":"2013-12-11T20:05:07","modified_gmt":"2013-12-11T19:05:07","slug":"wie-syrakus-erreichen","status":"publish","type":"page","link":"http:\/\/guidasiracusa.it\/de\/syrakus\/wie-syrakus-erreichen\/","title":{"rendered":"Wie Syrakus erreichen"},"content":{"rendered":"<div class=\"alert alert-info\">BENUTZEN SIE DIE <a title=\"Stra\u00dfenkarten\" href=\"http:\/\/guidasiracusa.it\/de\/strassenkarten\/\">STRASSENKARTEN<\/a> UM IHRE ORIENTIERUNG ZU ERLEICHTERN<\/div>\n<div class=\"alert alert-success\"><span style=\"color: #000000\"><b>&gt;&gt;<\/b>\u00a0<span style=\"color: #000000\"><b>ALLGEMEINE BEMERKUNGEN<\/b><\/span><\/span><\/p>\n<p>Sie werden sich nicht von den zahlreichen Vorurteilen leiten lassen, die dieses Land in der ganzen Welt ber\u00fchmt gemacht haben: Sizilien ist nicht total trocken, quasi eine W\u00fcste; Sizilien bedeutet keine Herde Schafe und keine auf einem Maultier sitzenden schwarzgekleideten M\u00e4nner; keine get\u00f6teten Personen auf den Stra\u00dfen; Sizilien ist keine lupara (Wolfslinte) und keine eifers\u00fcchtigen M\u00e4nner&#8230;\u00a0<\/div>\n<div class=\"row\"><br \/>\n<div class=\" col-lg-6\"><br \/>\n<div class=\"panel panel-default\"><div class=\"panel-heading\"><h3 class=\"panel-title\">MIT DEM FLUGZEUG<\/h3><\/div><div class=\"panel-body\"><img loading=\"lazy\" decoding=\"async\" class=\"size-full img-thumbnail wp-image-140 alignleft pull-left\" alt=\"aereo\" src=\"http:\/\/guidasiracusa.it\/wp-content\/uploads\/2013\/12\/aereo.gif\" width=\"120\" height=\"60\" \/>Sie\u00a0landen in\u00a0<a href=\"http:\/\/www.aeroporto.catania.it\/\" target=\"_blank\" rel=\"nofollow\">Catania Fontanarossa<\/a>\u00a0und von dort m\u00fcssen Sie\u00a0entweder mit einem\u00a0<a href=\"http:\/\/www.aeroporto.catania.it\/page.php?cPath=0_12_20&amp;id_page=37\" target=\"_blank\" rel=\"nofollow\">Mietwagen<\/a> oder mit einem Bus (<a href=\"http:\/\/www.interbus.it\/\" target=\"_blank\" rel=\"nofollow\">Interbus<\/a>), oder mit dem\u00a0<a href=\"http:\/\/trenitalia.it\/\" target=\"_blank\" rel=\"nofollow\">Zug<\/a> nach Syrakus fahren: die ersten zwei findet man hinter\u00a0dem Ausgang des Flughafens;\u00a0um den Bahnhof von Catania zu erreichen muss man den Bus Alibus AMT nehmen, der alle 20 Minuten von 5 bis 24 Uhr von Fontanarossa abfahrt.<\/p>\n<p><\/div><\/div><\/p>\n<p><div class=\"panel panel-default\"><div class=\"panel-heading\"><h3 class=\"panel-title\">MIT DEM AUTO<\/h3><\/div><div class=\"panel-body\"><img loading=\"lazy\" decoding=\"async\" class=\"size-full img-thumbnail wp-image-157 pull-left alignleft\" alt=\"auto\" src=\"http:\/\/guidasiracusa.it\/wp-content\/uploads\/2013\/12\/auto.gif\" width=\"115\" height=\"103\" \/><span style=\"font-family: arial, sans-serif\">Au\u00dfer der Strecke\u00a0von Kalabrien aufgrund von mehreren Baustellen ist die Autobahn A1 die beste Verbindung, um nach S\u00fcden zu fahren.\u00a0In Villa S. Giovanni \u00fcberqueren\u00a0die Staatsf\u00e4hren\u00a0<\/span><span style=\"font-family: arial, sans-serif\"><a href=\"http:\/\/www.fsnews.it\/cms\/v\/index.jsp?vgnextoid=410d4fcba5088310VgnVCM1000008916f90aRCRD\" target=\"_blank\" rel=\"nofollow\">Ferrovie dello Stato<\/a><\/span><span style=\"font-family: arial, sans-serif\">\u00a0und die Privatf\u00e4hren der Firma\u00a0<\/span><a href=\"http:\/\/www.carontetourist.it\/v2.6_it\/\" target=\"_blank\" rel=\"nofollow\"><span style=\"font-family: arial, sans-serif\">Caronte &amp; Tourist<\/span><\/a><span style=\"font-family: arial, sans-serif\">\u00a0die Meerenge von Messina. Von dieser Stadt beginnt die Autobahn A18 nach Catania; hinter der Ausfahrt San Gregorio nehmen Sie die Tangenziale Ovest (Westumgehungsstra\u00dfe), die die A18 mit der neuen Autobahn nach Syrakus verbindet. Die Ausfahrten in Richtung Syrakus hei\u00dfen:\u00a0<i>Siracusa Nord<\/i>, wenn Sie\u00a0die neuen Stadtteile erreichen\u00a0m\u00f6chten, und\u00a0<i>Siracusa<\/i>\u00a0(ohne andere Angabe) &#8211; hinter dem Km Nr. 152 &#8211; um zur Altstadt &#8211; Insel Ortygia &#8211; zu fahren.<\/span><\/p>\n<p><\/div><\/div><br \/>\n<div class=\"caption\">\n            <h4 class=\"tour-title\"><\/h4><\/div><\/div><\/p>\n<p><div class=\" col-lg-6\"><br \/>\n<div class=\"panel panel-default\"><div class=\"panel-heading\"><h3 class=\"panel-title\">MIT DEM ZUG<\/h3><\/div><div class=\"panel-body\"><img loading=\"lazy\" decoding=\"async\" class=\"wp-image-147 img-thumbnail pull-left alignleft\" alt=\"treno\" src=\"http:\/\/guidasiracusa.it\/wp-content\/uploads\/2013\/12\/treno.gif\" width=\"164\" height=\"98\" \/>Sie steigen am Bahnhof von Syrakus aus, der in der N\u00e4he des Zentrums ist; neben dem Bahnhofplatz ist auch der Busterminal der AST mit Verbindungen in alle Richtungen.<\/p>\n<p><\/div><\/div><\/p>\n<p><div class=\"panel panel-default\"><div class=\"panel-heading\"><h3 class=\"panel-title\">MIT DEM BUS<\/h3><\/div><div class=\"panel-body\"><img loading=\"lazy\" decoding=\"async\" class=\"wp-image-155 img-thumbnail pull-left alignleft\" alt=\"bus\" src=\"http:\/\/guidasiracusa.it\/wp-content\/uploads\/2013\/12\/bus.gif\" width=\"143\" height=\"105\" \/><span style=\"font-family: 'Times New Roman'\"><span style=\"font-family: arial, sans-serif\">Die Firma\u00a0<\/span><a href=\"http:\/\/www.saisautolinee.it\/nazionali1.htm\" target=\"_blank\" rel=\"nofollow\"><span style=\"font-family: arial, sans-serif\">Sais Autolinee<\/span><\/a><span style=\"font-family: arial, sans-serif\">\u00a0<\/span><\/span><span style=\"font-family: arial, sans-serif\">verbindet zahlreiche St\u00e4dte Italiens mit\u00a0Sirakus: die Ankunft ist bei dem Busterminal\u00a0von Via\u00a0Rubino, wo auch die Endstelle der Stadtbusse der Firma Ast ist.<\/span><\/p>\n<p><\/div><\/div><\/p>\n<p><div class=\"panel panel-default\"><div class=\"panel-heading\"><h3 class=\"panel-title\">MIT DEM SCHIFF<\/h3><\/div><div class=\"panel-body\"><img loading=\"lazy\" decoding=\"async\" class=\"size-full img-thumbnail wp-image-151 pull-left alignleft\" alt=\"nave\" src=\"http:\/\/guidasiracusa.it\/wp-content\/uploads\/2013\/12\/nave.gif\" width=\"139\" height=\"108\" \/>Sie steigen entweder von Civitavecchia oder von Genova (<a href=\"http:\/\/www.grimaldi-lines.com\/\" target=\"_blank\" rel=\"nofollow\">Grimaldi Lines<\/a><span style=\"color: #000000\">), von\u00a0Napoli (<\/span><a href=\"http:\/\/www.tttlines.it\/\" target=\"_blank\" rel=\"nofollow\">TTTlines<\/a><span style=\"color: #000000\">), von Malta (<\/span><a href=\"http:\/\/www.virtuferries.com\/\" target=\"_blank\" rel=\"nofollow\">Virtu Ferries<\/a><span style=\"color: #000000\">), oder mit Kreutzfahrtschiffe der Flotte\u00a0<\/span><a href=\"http:\/\/www.msccrociere.it\/\" target=\"_blank\" rel=\"nofollow\">MSC<\/a><span style=\"color: #000000\">\u00a0oder der Flotte\u00a0<\/span><a href=\"http:\/\/www.costacrociere.it\/B2C\/I\/Default.htm\" target=\"_blank\" rel=\"nofollow\">Costa Crociere<\/a><span style=\"color: #000000\">\u00a0am Hafen von Catania aus.\u00a0Nahe des Hafens ist entweder der Hauptbahnhof, um mit dem Zug nach Syrakus zu fahren, oder der Busterminal mit den Linien\u00a0<\/span><a href=\"http:\/\/www.aziendasicilianatrasporti.it\/\" target=\"_blank\" rel=\"nofollow\">Ast<\/a><span style=\"color: #000000\">\u00a0und\u00a0\u00a0<\/span><a href=\"http:\/\/www.interbus.it\/\" target=\"_blank\" rel=\"nofollow\">Interbus<\/a><span style=\"color: #000000\">, um Syrakus mit dem Bus zu erreichen.<\/span><\/p>\n<p><\/div><\/div><\/p>\n<p><div class=\"caption\">\n            <h4 class=\"tour-title\"><\/h4><\/div><\/div><\/p>\n<p><\/div>\n","protected":false},"excerpt":{"rendered":"","protected":false},"author":1,"featured_media":0,"parent":40,"menu_order":0,"comment_status":"open","ping_status":"closed","template":"","meta":{"footnotes":""},"class_list":["post-53","page","type-page","status-publish","hentry"],"yoast_head":"<!-- This site is optimized with the Yoast SEO plugin v26.4 - https:\/\/yoast.com\/wordpress\/plugins\/seo\/ -->\n<title>Wie Syrakus erreichen - Giuseppe Celani<\/title>\n<meta name=\"robots\" content=\"index, follow, max-snippet:-1, max-image-preview:large, max-video-preview:-1\" \/>\n<link rel=\"canonical\" href=\"http:\/\/guidasiracusa.it\/de\/syrakus\/wie-syrakus-erreichen\/\" \/>\n<meta name=\"twitter:label1\" content=\"Gesch\u00e4tzte Lesezeit\" \/>\n\t<meta name=\"twitter:data1\" content=\"2\u00a0Minuten\" \/>\n<script type=\"application\/ld+json\" class=\"yoast-schema-graph\">{\"@context\":\"https:\/\/schema.org\",\"@graph\":[{\"@type\":\"WebPage\",\"@id\":\"http:\/\/guidasiracusa.it\/de\/syrakus\/wie-syrakus-erreichen\/\",\"url\":\"http:\/\/guidasiracusa.it\/de\/syrakus\/wie-syrakus-erreichen\/\",\"name\":\"Wie Syrakus erreichen - Giuseppe Celani\",\"isPartOf\":{\"@id\":\"http:\/\/guidasiracusa.it\/de\/#website\"},\"primaryImageOfPage\":{\"@id\":\"http:\/\/guidasiracusa.it\/de\/syrakus\/wie-syrakus-erreichen\/#primaryimage\"},\"image\":{\"@id\":\"http:\/\/guidasiracusa.it\/de\/syrakus\/wie-syrakus-erreichen\/#primaryimage\"},\"thumbnailUrl\":\"http:\/\/guidasiracusa.it\/wp-content\/uploads\/2013\/12\/aereo.gif\",\"datePublished\":\"2013-12-09T16:03:29+00:00\",\"dateModified\":\"2013-12-11T19:05:07+00:00\",\"breadcrumb\":{\"@id\":\"http:\/\/guidasiracusa.it\/de\/syrakus\/wie-syrakus-erreichen\/#breadcrumb\"},\"inLanguage\":\"de\",\"potentialAction\":[{\"@type\":\"ReadAction\",\"target\":[\"http:\/\/guidasiracusa.it\/de\/syrakus\/wie-syrakus-erreichen\/\"]}]},{\"@type\":\"ImageObject\",\"inLanguage\":\"de\",\"@id\":\"http:\/\/guidasiracusa.it\/de\/syrakus\/wie-syrakus-erreichen\/#primaryimage\",\"url\":\"http:\/\/guidasiracusa.it\/wp-content\/uploads\/2013\/12\/aereo.gif\",\"contentUrl\":\"http:\/\/guidasiracusa.it\/wp-content\/uploads\/2013\/12\/aereo.gif\"},{\"@type\":\"BreadcrumbList\",\"@id\":\"http:\/\/guidasiracusa.it\/de\/syrakus\/wie-syrakus-erreichen\/#breadcrumb\",\"itemListElement\":[{\"@type\":\"ListItem\",\"position\":1,\"name\":\"Home\",\"item\":\"http:\/\/guidasiracusa.it\/de\/\"},{\"@type\":\"ListItem\",\"position\":2,\"name\":\"Syrakus\",\"item\":\"http:\/\/guidasiracusa.it\/de\/syrakus\/\"},{\"@type\":\"ListItem\",\"position\":3,\"name\":\"Wie Syrakus erreichen\"}]},{\"@type\":\"WebSite\",\"@id\":\"http:\/\/guidasiracusa.it\/de\/#website\",\"url\":\"http:\/\/guidasiracusa.it\/de\/\",\"name\":\"Giuseppe Celani\",\"description\":\"Fremdenf\u00fchrer in Syrakus\",\"potentialAction\":[{\"@type\":\"SearchAction\",\"target\":{\"@type\":\"EntryPoint\",\"urlTemplate\":\"http:\/\/guidasiracusa.it\/de\/?s={search_term_string}\"},\"query-input\":{\"@type\":\"PropertyValueSpecification\",\"valueRequired\":true,\"valueName\":\"search_term_string\"}}],\"inLanguage\":\"de\"}]}<\/script>\n<!-- \/ Yoast SEO plugin. -->","yoast_head_json":{"title":"Wie Syrakus erreichen - Giuseppe Celani","robots":{"index":"index","follow":"follow","max-snippet":"max-snippet:-1","max-image-preview":"max-image-preview:large","max-video-preview":"max-video-preview:-1"},"canonical":"http:\/\/guidasiracusa.it\/de\/syrakus\/wie-syrakus-erreichen\/","twitter_misc":{"Gesch\u00e4tzte Lesezeit":"2\u00a0Minuten"},"schema":{"@context":"https:\/\/schema.org","@graph":[{"@type":"WebPage","@id":"http:\/\/guidasiracusa.it\/de\/syrakus\/wie-syrakus-erreichen\/","url":"http:\/\/guidasiracusa.it\/de\/syrakus\/wie-syrakus-erreichen\/","name":"Wie Syrakus erreichen - Giuseppe Celani","isPartOf":{"@id":"http:\/\/guidasiracusa.it\/de\/#website"},"primaryImageOfPage":{"@id":"http:\/\/guidasiracusa.it\/de\/syrakus\/wie-syrakus-erreichen\/#primaryimage"},"image":{"@id":"http:\/\/guidasiracusa.it\/de\/syrakus\/wie-syrakus-erreichen\/#primaryimage"},"thumbnailUrl":"http:\/\/guidasiracusa.it\/wp-content\/uploads\/2013\/12\/aereo.gif","datePublished":"2013-12-09T16:03:29+00:00","dateModified":"2013-12-11T19:05:07+00:00","breadcrumb":{"@id":"http:\/\/guidasiracusa.it\/de\/syrakus\/wie-syrakus-erreichen\/#breadcrumb"},"inLanguage":"de","potentialAction":[{"@type":"ReadAction","target":["http:\/\/guidasiracusa.it\/de\/syrakus\/wie-syrakus-erreichen\/"]}]},{"@type":"ImageObject","inLanguage":"de","@id":"http:\/\/guidasiracusa.it\/de\/syrakus\/wie-syrakus-erreichen\/#primaryimage","url":"http:\/\/guidasiracusa.it\/wp-content\/uploads\/2013\/12\/aereo.gif","contentUrl":"http:\/\/guidasiracusa.it\/wp-content\/uploads\/2013\/12\/aereo.gif"},{"@type":"BreadcrumbList","@id":"http:\/\/guidasiracusa.it\/de\/syrakus\/wie-syrakus-erreichen\/#breadcrumb","itemListElement":[{"@type":"ListItem","position":1,"name":"Home","item":"http:\/\/guidasiracusa.it\/de\/"},{"@type":"ListItem","position":2,"name":"Syrakus","item":"http:\/\/guidasiracusa.it\/de\/syrakus\/"},{"@type":"ListItem","position":3,"name":"Wie Syrakus erreichen"}]},{"@type":"WebSite","@id":"http:\/\/guidasiracusa.it\/de\/#website","url":"http:\/\/guidasiracusa.it\/de\/","name":"Giuseppe Celani","description":"Fremdenf\u00fchrer in Syrakus","potentialAction":[{"@type":"SearchAction","target":{"@type":"EntryPoint","urlTemplate":"http:\/\/guidasiracusa.it\/de\/?s={search_term_string}"},"query-input":{"@type":"PropertyValueSpecification","valueRequired":true,"valueName":"search_term_string"}}],"inLanguage":"de"}]}},"_links":{"self":[{"href":"http:\/\/guidasiracusa.it\/de\/wp-json\/wp\/v2\/pages\/53","targetHints":{"allow":["GET"]}}],"collection":[{"href":"http:\/\/guidasiracusa.it\/de\/wp-json\/wp\/v2\/pages"}],"about":[{"href":"http:\/\/guidasiracusa.it\/de\/wp-json\/wp\/v2\/types\/page"}],"author":[{"embeddable":true,"href":"http:\/\/guidasiracusa.it\/de\/wp-json\/wp\/v2\/users\/1"}],"replies":[{"embeddable":true,"href":"http:\/\/guidasiracusa.it\/de\/wp-json\/wp\/v2\/comments?post=53"}],"version-history":[{"count":15,"href":"http:\/\/guidasiracusa.it\/de\/wp-json\/wp\/v2\/pages\/53\/revisions"}],"predecessor-version":[{"id":182,"href":"http:\/\/guidasiracusa.it\/de\/wp-json\/wp\/v2\/pages\/53\/revisions\/182"}],"up":[{"embeddable":true,"href":"http:\/\/guidasiracusa.it\/de\/wp-json\/wp\/v2\/pages\/40"}],"wp:attachment":[{"href":"http:\/\/guidasiracusa.it\/de\/wp-json\/wp\/v2\/media?parent=53"}],"curies":[{"name":"wp","href":"https:\/\/api.w.org\/{rel}","templated":true}]}}